{"id":615,"date":"2024-02-22T09:24:55","date_gmt":"2024-02-22T08:24:55","guid":{"rendered":"https:\/\/solicity.org\/?page_id=615"},"modified":"2024-06-27T10:22:27","modified_gmt":"2024-06-27T08:22:27","slug":"mentions-legales","status":"publish","type":"page","link":"https:\/\/solicity.org\/index.php\/mentions-legales\/","title":{"rendered":"Mentions l\u00e9gales"},"content":{"rendered":"\t\t<div data-elementor-type=\"wp-page\" data-elementor-id=\"615\" class=\"elementor elementor-615\">\n\t\t\t\t<div class=\"elementor-element elementor-element-ab06538 e-flex e-con-boxed e-con e-parent\" data-id=\"ab06538\" data-element_type=\"container\" data-e-type=\"container\">\n\t\t\t\t\t<div class=\"e-con-inner\">\n\t\t\t\t<div class=\"elementor-element elementor-element-f701c56 elementor-widget__width-inherit elementor-widget elementor-widget-heading\" data-id=\"f701c56\" data-element_type=\"widget\" data-e-type=\"widget\" data-widget_type=\"heading.default\">\n\t\t\t\t<div class=\"elementor-widget-container\">\n\t\t\t\t\t<h2 class=\"elementor-heading-title elementor-size-default\">Mentions L\u00e9gales<\/h2>\t\t\t\t<\/div>\n\t\t\t\t<\/div>\n\t\t\t\t\t<\/div>\n\t\t\t\t<\/div>\n\t\t<div class=\"elementor-element elementor-element-4ebb319 e-flex e-con-boxed e-con e-parent\" data-id=\"4ebb319\" data-element_type=\"container\" data-e-type=\"container\">\n\t\t\t\t\t<div class=\"e-con-inner\">\n\t\t\t\t<div class=\"elementor-element elementor-element-c44f173 elementor-widget elementor-widget-text-editor\" data-id=\"c44f173\" data-element_type=\"widget\" data-e-type=\"widget\" data-widget_type=\"text-editor.default\">\n\t\t\t\t<div class=\"elementor-widget-container\">\n\t\t\t\t\t\t\t\t\t<p><strong>1. Site<\/strong> : Le pr\u00e9sent site est exploit\u00e9 par SOLI&rsquo;CITY.<\/p><p><strong>2. \u00c9diteur<\/strong> : L&rsquo;association SOLI&rsquo;CITY est enregistr\u00e9e \u00e0 la pr\u00e9fecture de Moulins sous le num\u00e9ro W032001877, avec son si\u00e8ge social situ\u00e9 au 90 rue Henry Barbusse, 03000 Moulins. Vous pouvez nous contacter par t\u00e9l\u00e9phone au 04 70 35 10 85 ou par e-mail \u00e0 l&rsquo;adresse <a target=\"_new\">administration@solicity.org<\/a>. Notre pr\u00e9sident, Rosnet Gilbert, repr\u00e9sente l&rsquo;association.<\/p><p><strong>3. H\u00e9bergeur<\/strong> : Ce site est h\u00e9berg\u00e9 par OVH, dont le si\u00e8ge social est situ\u00e9 au 2 rue Kellermann, 59100 Roubaix.<\/p><p>L&rsquo;acc\u00e8s et l&rsquo;utilisation de ce site sont r\u00e9serv\u00e9s \u00e0 un usage strictement personnel. Vous vous engagez \u00e0 ne pas utiliser ce site \u00e0 des fins commerciales, politiques, publicitaires ou pour toute forme de sollicitation commerciale, y compris l&rsquo;envoi de courriers \u00e9lectroniques non sollicit\u00e9s.<\/p><p><strong>Contenu du site<\/strong> : Tous les \u00e9l\u00e9ments pr\u00e9sents sur ce site, tels que les marques, photographies, textes, etc., sont prot\u00e9g\u00e9s par les lois sur la propri\u00e9t\u00e9 intellectuelle. Ils sont la propri\u00e9t\u00e9 de l&rsquo;\u00e9diteur ou de ses partenaires. Toute reproduction, repr\u00e9sentation ou utilisation de ces \u00e9l\u00e9ments est strictement interdite sans l&rsquo;accord \u00e9crit pr\u00e9alable de l&rsquo;\u00e9diteur.<\/p><p><strong>Gestion du site<\/strong> : L&rsquo;\u00e9diteur se r\u00e9serve le droit de suspendre, limiter l&rsquo;acc\u00e8s ou supprimer toute information perturbant le fonctionnement du site ou en contravention avec les lois nationales ou internationales.<\/p><p><strong>Responsabilit\u00e9s<\/strong> : L&rsquo;\u00e9diteur n&rsquo;est pas responsable en cas de d\u00e9faillance technique du site ou de votre mat\u00e9riel de connexion. Vous \u00eates seul responsable de votre utilisation du site et de la protection de votre mat\u00e9riel.<\/p><p><strong>Liens hypertextes<\/strong> : Liens hypertextes : La cr\u00e9ation de liens hypertextes vers ce site est strictement interdite sans l\u2019autorisation \u00e9crite de l\u2019\u00e9diteur. Les liens hypertextes vers d&rsquo;autres sites ne sont pas sous notre contr\u00f4le, nous d\u00e9clinons toute responsabilit\u00e9 quant \u00e0 leur contenu ou leur fonctionnement.<\/p><p><strong>Cookies<\/strong> : Aucun cookie n&rsquo;est utilis\u00e9 sur ce site.<\/p><p><strong>Droit d&rsquo;acc\u00e8s et de rectification des donn\u00e9es personnelles<\/strong> : Conform\u00e9ment \u00e0 la r\u00e9glementation en vigueur, vous avez le droit d&rsquo;acc\u00e9der, de rectifier ou de supprimer vos donn\u00e9es personnelles. Vous pouvez exercer ces droits en nous contactant \u00e0 l&rsquo;adresse mentionn\u00e9e ci-dessus.<\/p><p><strong>Photographies et repr\u00e9sentation des produits<\/strong> : Les photographies accompagnant les produits ne sont pas contractuelles.<\/p><p><strong>Loi applicable<\/strong> : Les pr\u00e9sentes conditions d&rsquo;utilisation sont r\u00e9gies par la loi fran\u00e7aise et soumises \u00e0 la comp\u00e9tence des tribunaux du si\u00e8ge social de l&rsquo;\u00e9diteur.<\/p><p><strong>Contact<\/strong> : Pour toute question ou information, vous pouvez nous contacter \u00e0 l&rsquo;adresse e-mail <a href=\"mailto:administation@solicity.org\">administration@solicity.org .<\/a><\/p>\t\t\t\t\t\t\t\t<\/div>\n\t\t\t\t<\/div>\n\t\t\t\t\t<\/div>\n\t\t\t\t<\/div>\n\t\t\t\t<\/div>\n\t\t","protected":false},"excerpt":{"rendered":"<p>Mentions L\u00e9gales 1. Site : Le pr\u00e9sent site est exploit\u00e9 par SOLI&rsquo;CITY. 2. \u00c9diteur : L&rsquo;association SOLI&rsquo;CITY est enregistr\u00e9e \u00e0 la pr\u00e9fecture de Moulins sous le num\u00e9ro W032001877, avec son si\u00e8ge social situ\u00e9 au 90 rue Henry Barbusse, 03000 Moulins. Vous pouvez nous contacter par t\u00e9l\u00e9phone au 04 70 35 10 85 ou par e-mail&hellip;&nbsp;<a href=\"https:\/\/solicity.org\/index.php\/mentions-legales\/\" rel=\"bookmark\">Lire la suite &raquo;<span class=\"screen-reader-text\">Mentions l\u00e9gales<\/span><\/a><\/p>\n","protected":false},"author":1,"featured_media":0,"parent":0,"menu_order":0,"comment_status":"closed","ping_status":"closed","template":"page-templates\/template-pagebuilder-full-width.php","meta":{"neve_meta_sidebar":"","neve_meta_container":"","neve_meta_enable_content_width":"","neve_meta_content_width":0,"neve_meta_title_alignment":"","neve_meta_author_avatar":"","neve_post_elements_order":"","neve_meta_disable_header":"","neve_meta_disable_footer":"","neve_meta_disable_title":"","footnotes":""},"class_list":["post-615","page","type-page","status-publish","hentry"],"yoast_head":"<!-- This site is optimized with the Yoast SEO plugin v24.3 - https:\/\/yoast.com\/wordpress\/plugins\/seo\/ -->\n<title>Mentions l\u00e9gales - Soli&#039;city<\/title>\n<meta name=\"description\" content=\"Consultez nos mentions l\u00e9gales pour comprendre les r\u00e8gles d&#039;utilisation du site et les aspects juridiques essentiels.\" \/>\n<meta name=\"robots\" content=\"index, follow, max-snippet:-1, max-image-preview:large, max-video-preview:-1\" \/>\n<link rel=\"canonical\" href=\"https:\/\/solicity.org\/index.php\/mentions-legales\/\" \/>\n<meta property=\"og:locale\" content=\"fr_FR\" \/>\n<meta property=\"og:type\" content=\"article\" \/>\n<meta property=\"og:title\" content=\"Mentions l\u00e9gales - Soli&#039;city\" \/>\n<meta property=\"og:description\" content=\"Consultez nos mentions l\u00e9gales pour comprendre les r\u00e8gles d&#039;utilisation du site et les aspects juridiques essentiels.\" \/>\n<meta property=\"og:url\" content=\"https:\/\/solicity.org\/index.php\/mentions-legales\/\" \/>\n<meta property=\"og:site_name\" content=\"Soli&#039;city\" \/>\n<meta property=\"article:publisher\" content=\"https:\/\/www.facebook.com\/solicity.opensmart\" \/>\n<meta property=\"article:modified_time\" content=\"2024-06-27T08:22:27+00:00\" \/>\n<meta property=\"og:image\" content=\"https:\/\/solicity.org\/wp-content\/uploads\/2024\/02\/logo-petit.png\" \/>\n\t<meta property=\"og:image:width\" content=\"628\" \/>\n\t<meta property=\"og:image:height\" content=\"557\" \/>\n\t<meta property=\"og:image:type\" content=\"image\/png\" \/>\n<meta name=\"twitter:card\" content=\"summary_large_image\" \/>\n<meta name=\"twitter:label1\" content=\"Dur\u00e9e de lecture estim\u00e9e\" \/>\n\t<meta name=\"twitter:data1\" content=\"2 minutes\" \/>\n<script type=\"application\/ld+json\" class=\"yoast-schema-graph\">{\"@context\":\"https:\/\/schema.org\",\"@graph\":[{\"@type\":\"WebPage\",\"@id\":\"https:\/\/solicity.org\/index.php\/mentions-legales\/\",\"url\":\"https:\/\/solicity.org\/index.php\/mentions-legales\/\",\"name\":\"Mentions l\u00e9gales - Soli&#039;city\",\"isPartOf\":{\"@id\":\"https:\/\/solicity.org\/#website\"},\"datePublished\":\"2024-02-22T08:24:55+00:00\",\"dateModified\":\"2024-06-27T08:22:27+00:00\",\"description\":\"Consultez nos mentions l\u00e9gales pour comprendre les r\u00e8gles d'utilisation du site et les aspects juridiques essentiels.\",\"breadcrumb\":{\"@id\":\"https:\/\/solicity.org\/index.php\/mentions-legales\/#breadcrumb\"},\"inLanguage\":\"fr-FR\",\"potentialAction\":[{\"@type\":\"ReadAction\",\"target\":[\"https:\/\/solicity.org\/index.php\/mentions-legales\/\"]}]},{\"@type\":\"BreadcrumbList\",\"@id\":\"https:\/\/solicity.org\/index.php\/mentions-legales\/#breadcrumb\",\"itemListElement\":[{\"@type\":\"ListItem\",\"position\":1,\"name\":\"Accueil\",\"item\":\"https:\/\/solicity.org\/\"},{\"@type\":\"ListItem\",\"position\":2,\"name\":\"Mentions l\u00e9gales\"}]},{\"@type\":\"WebSite\",\"@id\":\"https:\/\/solicity.org\/#website\",\"url\":\"https:\/\/solicity.org\/\",\"name\":\"Solicity\",\"description\":\"La r\u00e9gie pour tous\",\"publisher\":{\"@id\":\"https:\/\/solicity.org\/#organization\"},\"potentialAction\":[{\"@type\":\"SearchAction\",\"target\":{\"@type\":\"EntryPoint\",\"urlTemplate\":\"https:\/\/solicity.org\/?s={search_term_string}\"},\"query-input\":{\"@type\":\"PropertyValueSpecification\",\"valueRequired\":true,\"valueName\":\"search_term_string\"}}],\"inLanguage\":\"fr-FR\"},{\"@type\":\"Organization\",\"@id\":\"https:\/\/solicity.org\/#organization\",\"name\":\"Solicity\",\"url\":\"https:\/\/solicity.org\/\",\"logo\":{\"@type\":\"ImageObject\",\"inLanguage\":\"fr-FR\",\"@id\":\"https:\/\/solicity.org\/#\/schema\/logo\/image\/\",\"url\":\"https:\/\/solicity.org\/wp-content\/uploads\/2024\/02\/logo_SOLICITY_couleur-transparent.png\",\"contentUrl\":\"https:\/\/solicity.org\/wp-content\/uploads\/2024\/02\/logo_SOLICITY_couleur-transparent.png\",\"width\":526,\"height\":505,\"caption\":\"Solicity\"},\"image\":{\"@id\":\"https:\/\/solicity.org\/#\/schema\/logo\/image\/\"},\"sameAs\":[\"https:\/\/www.facebook.com\/solicity.opensmart\",\"https:\/\/www.instagram.com\/open.smart\/\"]}]}<\/script>\n<!-- \/ Yoast SEO plugin. -->","yoast_head_json":{"title":"Mentions l\u00e9gales - Soli&#039;city","description":"Consultez nos mentions l\u00e9gales pour comprendre les r\u00e8gles d'utilisation du site et les aspects juridiques essentiels.","robots":{"index":"index","follow":"follow","max-snippet":"max-snippet:-1","max-image-preview":"max-image-preview:large","max-video-preview":"max-video-preview:-1"},"canonical":"https:\/\/solicity.org\/index.php\/mentions-legales\/","og_locale":"fr_FR","og_type":"article","og_title":"Mentions l\u00e9gales - Soli&#039;city","og_description":"Consultez nos mentions l\u00e9gales pour comprendre les r\u00e8gles d'utilisation du site et les aspects juridiques essentiels.","og_url":"https:\/\/solicity.org\/index.php\/mentions-legales\/","og_site_name":"Soli&#039;city","article_publisher":"https:\/\/www.facebook.com\/solicity.opensmart","article_modified_time":"2024-06-27T08:22:27+00:00","og_image":[{"width":628,"height":557,"url":"https:\/\/solicity.org\/wp-content\/uploads\/2024\/02\/logo-petit.png","type":"image\/png"}],"twitter_card":"summary_large_image","twitter_misc":{"Dur\u00e9e de lecture estim\u00e9e":"2 minutes"},"schema":{"@context":"https:\/\/schema.org","@graph":[{"@type":"WebPage","@id":"https:\/\/solicity.org\/index.php\/mentions-legales\/","url":"https:\/\/solicity.org\/index.php\/mentions-legales\/","name":"Mentions l\u00e9gales - Soli&#039;city","isPartOf":{"@id":"https:\/\/solicity.org\/#website"},"datePublished":"2024-02-22T08:24:55+00:00","dateModified":"2024-06-27T08:22:27+00:00","description":"Consultez nos mentions l\u00e9gales pour comprendre les r\u00e8gles d'utilisation du site et les aspects juridiques essentiels.","breadcrumb":{"@id":"https:\/\/solicity.org\/index.php\/mentions-legales\/#breadcrumb"},"inLanguage":"fr-FR","potentialAction":[{"@type":"ReadAction","target":["https:\/\/solicity.org\/index.php\/mentions-legales\/"]}]},{"@type":"BreadcrumbList","@id":"https:\/\/solicity.org\/index.php\/mentions-legales\/#breadcrumb","itemListElement":[{"@type":"ListItem","position":1,"name":"Accueil","item":"https:\/\/solicity.org\/"},{"@type":"ListItem","position":2,"name":"Mentions l\u00e9gales"}]},{"@type":"WebSite","@id":"https:\/\/solicity.org\/#website","url":"https:\/\/solicity.org\/","name":"Solicity","description":"La r\u00e9gie pour tous","publisher":{"@id":"https:\/\/solicity.org\/#organization"},"potentialAction":[{"@type":"SearchAction","target":{"@type":"EntryPoint","urlTemplate":"https:\/\/solicity.org\/?s={search_term_string}"},"query-input":{"@type":"PropertyValueSpecification","valueRequired":true,"valueName":"search_term_string"}}],"inLanguage":"fr-FR"},{"@type":"Organization","@id":"https:\/\/solicity.org\/#organization","name":"Solicity","url":"https:\/\/solicity.org\/","logo":{"@type":"ImageObject","inLanguage":"fr-FR","@id":"https:\/\/solicity.org\/#\/schema\/logo\/image\/","url":"https:\/\/solicity.org\/wp-content\/uploads\/2024\/02\/logo_SOLICITY_couleur-transparent.png","contentUrl":"https:\/\/solicity.org\/wp-content\/uploads\/2024\/02\/logo_SOLICITY_couleur-transparent.png","width":526,"height":505,"caption":"Solicity"},"image":{"@id":"https:\/\/solicity.org\/#\/schema\/logo\/image\/"},"sameAs":["https:\/\/www.facebook.com\/solicity.opensmart","https:\/\/www.instagram.com\/open.smart\/"]}]}},"_links":{"self":[{"href":"https:\/\/solicity.org\/index.php\/wp-json\/wp\/v2\/pages\/615","targetHints":{"allow":["GET"]}}],"collection":[{"href":"https:\/\/solicity.org\/index.php\/wp-json\/wp\/v2\/pages"}],"about":[{"href":"https:\/\/solicity.org\/index.php\/wp-json\/wp\/v2\/types\/page"}],"author":[{"embeddable":true,"href":"https:\/\/solicity.org\/index.php\/wp-json\/wp\/v2\/users\/1"}],"replies":[{"embeddable":true,"href":"https:\/\/solicity.org\/index.php\/wp-json\/wp\/v2\/comments?post=615"}],"version-history":[{"count":25,"href":"https:\/\/solicity.org\/index.php\/wp-json\/wp\/v2\/pages\/615\/revisions"}],"predecessor-version":[{"id":1495,"href":"https:\/\/solicity.org\/index.php\/wp-json\/wp\/v2\/pages\/615\/revisions\/1495"}],"wp:attachment":[{"href":"https:\/\/solicity.org\/index.php\/wp-json\/wp\/v2\/media?parent=615"}],"curies":[{"name":"wp","href":"https:\/\/api.w.org\/{rel}","templated":true}]}}