{"id":618,"date":"2024-02-22T09:38:22","date_gmt":"2024-02-22T08:38:22","guid":{"rendered":"https:\/\/solicity.org\/?page_id=618"},"modified":"2024-06-27T10:18:45","modified_gmt":"2024-06-27T08:18:45","slug":"politique-de-confidentialite","status":"publish","type":"page","link":"https:\/\/solicity.org\/index.php\/politique-de-confidentialite\/","title":{"rendered":"politique de confidentialit\u00e9"},"content":{"rendered":"\t\t<div data-elementor-type=\"wp-page\" data-elementor-id=\"618\" class=\"elementor elementor-618\">\n\t\t\t\t<div class=\"elementor-element elementor-element-c4eabf1 e-con-full e-flex e-con e-parent\" data-id=\"c4eabf1\" data-element_type=\"container\" data-e-type=\"container\">\n\t\t\t\t<div class=\"elementor-element elementor-element-c344dd2 elementor-widget__width-inherit elementor-widget elementor-widget-heading\" data-id=\"c344dd2\" data-element_type=\"widget\" data-e-type=\"widget\" data-widget_type=\"heading.default\">\n\t\t\t\t<div class=\"elementor-widget-container\">\n\t\t\t\t\t<h2 class=\"elementor-heading-title elementor-size-default\">Politique de Confidentialit\u00e9<\/h2>\t\t\t\t<\/div>\n\t\t\t\t<\/div>\n\t\t\t\t<\/div>\n\t\t<div class=\"elementor-element elementor-element-dadeff4 e-flex e-con-boxed e-con e-parent\" data-id=\"dadeff4\" data-element_type=\"container\" data-e-type=\"container\">\n\t\t\t\t\t<div class=\"e-con-inner\">\n\t\t\t\t<div class=\"elementor-element elementor-element-f0f1b18 elementor-widget elementor-widget-text-editor\" data-id=\"f0f1b18\" data-element_type=\"widget\" data-e-type=\"widget\" data-widget_type=\"text-editor.default\">\n\t\t\t\t<div class=\"elementor-widget-container\">\n\t\t\t\t\t\t\t\t\t<p>Cette Politique de Confidentialit\u00e9 d\u00e9crit comment Soli&rsquo;city (\u00ab\u00a0nous\u00a0\u00bb, \u00ab\u00a0notre\u00a0\u00bb, \u00ab\u00a0nos\u00a0\u00bb) collecte, utilise et partage vos informations personnelles lorsque vous visitez notre site web solicity.org. En utilisant le Site, vous consentez \u00e0 la collecte et \u00e0 l&rsquo;utilisation de vos informations personnelles conform\u00e9ment \u00e0 cette Politique de Confidentialit\u00e9.<\/p><p><b>Informations Personnelles Collect\u00e9es<\/b><\/p><p>Nous pouvons collecter diff\u00e9rentes cat\u00e9gories d&rsquo;informations personnelles lorsque vous visitez notre Site, notamment :<br \/>&#8211; Informations de connexion (adresse IP, type de navigateur, fournisseur de services Internet, pages visit\u00e9es, horaires d&rsquo;acc\u00e8s, etc.).<br \/>&#8211; Autres informations que vous choisissez de partager avec nous volontairement (par exemple, en remplissant des formulaires sur le Site).<\/p><p><b>Partage des Informations Personnelles<\/b><\/p><p>Nous ne vendons, n&rsquo;\u00e9changeons ni ne louons vos informations personnelles \u00e0 des tiers sans votre consentement explicite.<\/p><p>Nous pouvons partager vos informations personnelles avec des prestataires de services tiers qui nous aident \u00e0 exploiter le Site et \u00e0 mener nos activit\u00e9s, sous r\u00e9serve de clauses de confidentialit\u00e9 appropri\u00e9es.<\/p><p>Nous pouvons \u00e9galement divulguer vos informations personnelles si nous croyons que cela est n\u00e9cessaire pour se conformer \u00e0 la loi, prot\u00e9ger nos droits, assurer la s\u00e9curit\u00e9 du Site ou r\u00e9pondre \u00e0 une ordonnance judiciaire.<\/p><p><b>S\u00e9curit\u00e9 des Informations Personnelles<\/b><\/p><p>Nous mettons en place des mesures de s\u00e9curit\u00e9 raisonnables pour prot\u00e9ger vos informations personnelles contre tout acc\u00e8s non autoris\u00e9, alt\u00e9ration, divulgation ou destruction.<\/p><p><b>Vos Choix<\/b><\/p><p>Vous avez le droit de demander l&rsquo;acc\u00e8s, la correction, la suppression ou la restriction de vos informations personnelles. Vous pouvez exercer ces droits en nous contactant \u00e0 contact@solicity.org .<\/p><p><b>Modifications de la Politique de Confidentialit\u00e9<\/b><\/p><p>Nous nous r\u00e9servons le droit de mettre \u00e0 jour cette Politique de Confidentialit\u00e9 \u00e0 tout moment. Les modifications seront publi\u00e9es sur cette page avec la date de r\u00e9vision.<\/p><p>Contactez-Nous : <a href=\"mailto:administration@solicity.org\">administration@solicity.org<\/a><\/p><p><span style=\"color: var( --e-global-color-text ); font-family: var( --e-global-typography-text-font-family ), Sans-serif; font-weight: var( --e-global-typography-text-font-weight ); text-align: var(--text-align); background-color: var(--nv-site-bg); font-size: var(--bodyfontsize); letter-spacing: var(--bodyletterspacing); text-transform: var(--bodytexttransform);\">Date d&rsquo;effet : [23\/02\/2024]<\/span><\/p>\t\t\t\t\t\t\t\t<\/div>\n\t\t\t\t<\/div>\n\t\t\t\t\t<\/div>\n\t\t\t\t<\/div>\n\t\t\t\t<\/div>\n\t\t","protected":false},"excerpt":{"rendered":"<p>Politique de Confidentialit\u00e9 Cette Politique de Confidentialit\u00e9 d\u00e9crit comment Soli&rsquo;city (\u00ab\u00a0nous\u00a0\u00bb, \u00ab\u00a0notre\u00a0\u00bb, \u00ab\u00a0nos\u00a0\u00bb) collecte, utilise et partage vos informations personnelles lorsque vous visitez notre site web solicity.org. En utilisant le Site, vous consentez \u00e0 la collecte et \u00e0 l&rsquo;utilisation de vos informations personnelles conform\u00e9ment \u00e0 cette Politique de Confidentialit\u00e9. Informations Personnelles Collect\u00e9es Nous pouvons collecter&hellip;&nbsp;<a href=\"https:\/\/solicity.org\/index.php\/politique-de-confidentialite\/\" rel=\"bookmark\">Lire la suite &raquo;<span class=\"screen-reader-text\">politique de confidentialit\u00e9<\/span><\/a><\/p>\n","protected":false},"author":1,"featured_media":0,"parent":0,"menu_order":0,"comment_status":"closed","ping_status":"closed","template":"","meta":{"neve_meta_sidebar":"","neve_meta_container":"","neve_meta_enable_content_width":"","neve_meta_content_width":0,"neve_meta_title_alignment":"","neve_meta_author_avatar":"","neve_post_elements_order":"","neve_meta_disable_header":"","neve_meta_disable_footer":"","neve_meta_disable_title":"","footnotes":""},"class_list":["post-618","page","type-page","status-publish","hentry"],"yoast_head":"<!-- This site is optimized with the Yoast SEO plugin v24.3 - https:\/\/yoast.com\/wordpress\/plugins\/seo\/ -->\n<title>politique de confidentialit\u00e9 - Solicity<\/title>\n<meta name=\"description\" content=\"Prot\u00e9gez votre vie priv\u00e9e en consultant notre politique de confidentialit\u00e9. D\u00e9couvrez comment on collecte, utilise et prot\u00e8ge vos donn\u00e9es.\" \/>\n<meta name=\"robots\" content=\"index, follow, max-snippet:-1, max-image-preview:large, max-video-preview:-1\" \/>\n<link rel=\"canonical\" href=\"https:\/\/solicity.org\/index.php\/politique-de-confidentialite\/\" \/>\n<meta property=\"og:locale\" content=\"fr_FR\" \/>\n<meta property=\"og:type\" content=\"article\" \/>\n<meta property=\"og:title\" content=\"politique de confidentialit\u00e9 - Solicity\" \/>\n<meta property=\"og:description\" content=\"Prot\u00e9gez votre vie priv\u00e9e en consultant notre politique de confidentialit\u00e9. D\u00e9couvrez comment on collecte, utilise et prot\u00e8ge vos donn\u00e9es.\" \/>\n<meta property=\"og:url\" content=\"https:\/\/solicity.org\/index.php\/politique-de-confidentialite\/\" \/>\n<meta property=\"og:site_name\" content=\"Soli&#039;city\" \/>\n<meta property=\"article:publisher\" content=\"https:\/\/www.facebook.com\/solicity.opensmart\" \/>\n<meta property=\"article:modified_time\" content=\"2024-06-27T08:18:45+00:00\" \/>\n<meta property=\"og:image\" content=\"https:\/\/solicity.org\/wp-content\/uploads\/2024\/02\/logo-petit.png\" \/>\n\t<meta property=\"og:image:width\" content=\"628\" \/>\n\t<meta property=\"og:image:height\" content=\"557\" \/>\n\t<meta property=\"og:image:type\" content=\"image\/png\" \/>\n<meta name=\"twitter:card\" content=\"summary_large_image\" \/>\n<meta name=\"twitter:label1\" content=\"Dur\u00e9e de lecture estim\u00e9e\" \/>\n\t<meta name=\"twitter:data1\" content=\"2 minutes\" \/>\n<script type=\"application\/ld+json\" class=\"yoast-schema-graph\">{\"@context\":\"https:\/\/schema.org\",\"@graph\":[{\"@type\":\"WebPage\",\"@id\":\"https:\/\/solicity.org\/index.php\/politique-de-confidentialite\/\",\"url\":\"https:\/\/solicity.org\/index.php\/politique-de-confidentialite\/\",\"name\":\"politique de confidentialit\u00e9 - Solicity\",\"isPartOf\":{\"@id\":\"https:\/\/solicity.org\/#website\"},\"datePublished\":\"2024-02-22T08:38:22+00:00\",\"dateModified\":\"2024-06-27T08:18:45+00:00\",\"description\":\"Prot\u00e9gez votre vie priv\u00e9e en consultant notre politique de confidentialit\u00e9. D\u00e9couvrez comment on collecte, utilise et prot\u00e8ge vos donn\u00e9es.\",\"breadcrumb\":{\"@id\":\"https:\/\/solicity.org\/index.php\/politique-de-confidentialite\/#breadcrumb\"},\"inLanguage\":\"fr-FR\",\"potentialAction\":[{\"@type\":\"ReadAction\",\"target\":[\"https:\/\/solicity.org\/index.php\/politique-de-confidentialite\/\"]}]},{\"@type\":\"BreadcrumbList\",\"@id\":\"https:\/\/solicity.org\/index.php\/politique-de-confidentialite\/#breadcrumb\",\"itemListElement\":[{\"@type\":\"ListItem\",\"position\":1,\"name\":\"Accueil\",\"item\":\"https:\/\/solicity.org\/\"},{\"@type\":\"ListItem\",\"position\":2,\"name\":\"politique de confidentialit\u00e9\"}]},{\"@type\":\"WebSite\",\"@id\":\"https:\/\/solicity.org\/#website\",\"url\":\"https:\/\/solicity.org\/\",\"name\":\"Solicity\",\"description\":\"La r\u00e9gie pour tous\",\"publisher\":{\"@id\":\"https:\/\/solicity.org\/#organization\"},\"potentialAction\":[{\"@type\":\"SearchAction\",\"target\":{\"@type\":\"EntryPoint\",\"urlTemplate\":\"https:\/\/solicity.org\/?s={search_term_string}\"},\"query-input\":{\"@type\":\"PropertyValueSpecification\",\"valueRequired\":true,\"valueName\":\"search_term_string\"}}],\"inLanguage\":\"fr-FR\"},{\"@type\":\"Organization\",\"@id\":\"https:\/\/solicity.org\/#organization\",\"name\":\"Solicity\",\"url\":\"https:\/\/solicity.org\/\",\"logo\":{\"@type\":\"ImageObject\",\"inLanguage\":\"fr-FR\",\"@id\":\"https:\/\/solicity.org\/#\/schema\/logo\/image\/\",\"url\":\"https:\/\/solicity.org\/wp-content\/uploads\/2024\/02\/logo_SOLICITY_couleur-transparent.png\",\"contentUrl\":\"https:\/\/solicity.org\/wp-content\/uploads\/2024\/02\/logo_SOLICITY_couleur-transparent.png\",\"width\":526,\"height\":505,\"caption\":\"Solicity\"},\"image\":{\"@id\":\"https:\/\/solicity.org\/#\/schema\/logo\/image\/\"},\"sameAs\":[\"https:\/\/www.facebook.com\/solicity.opensmart\",\"https:\/\/www.instagram.com\/open.smart\/\"]}]}<\/script>\n<!-- \/ Yoast SEO plugin. -->","yoast_head_json":{"title":"politique de confidentialit\u00e9 - Solicity","description":"Prot\u00e9gez votre vie priv\u00e9e en consultant notre politique de confidentialit\u00e9. D\u00e9couvrez comment on collecte, utilise et prot\u00e8ge vos donn\u00e9es.","robots":{"index":"index","follow":"follow","max-snippet":"max-snippet:-1","max-image-preview":"max-image-preview:large","max-video-preview":"max-video-preview:-1"},"canonical":"https:\/\/solicity.org\/index.php\/politique-de-confidentialite\/","og_locale":"fr_FR","og_type":"article","og_title":"politique de confidentialit\u00e9 - Solicity","og_description":"Prot\u00e9gez votre vie priv\u00e9e en consultant notre politique de confidentialit\u00e9. D\u00e9couvrez comment on collecte, utilise et prot\u00e8ge vos donn\u00e9es.","og_url":"https:\/\/solicity.org\/index.php\/politique-de-confidentialite\/","og_site_name":"Soli&#039;city","article_publisher":"https:\/\/www.facebook.com\/solicity.opensmart","article_modified_time":"2024-06-27T08:18:45+00:00","og_image":[{"width":628,"height":557,"url":"https:\/\/solicity.org\/wp-content\/uploads\/2024\/02\/logo-petit.png","type":"image\/png"}],"twitter_card":"summary_large_image","twitter_misc":{"Dur\u00e9e de lecture estim\u00e9e":"2 minutes"},"schema":{"@context":"https:\/\/schema.org","@graph":[{"@type":"WebPage","@id":"https:\/\/solicity.org\/index.php\/politique-de-confidentialite\/","url":"https:\/\/solicity.org\/index.php\/politique-de-confidentialite\/","name":"politique de confidentialit\u00e9 - Solicity","isPartOf":{"@id":"https:\/\/solicity.org\/#website"},"datePublished":"2024-02-22T08:38:22+00:00","dateModified":"2024-06-27T08:18:45+00:00","description":"Prot\u00e9gez votre vie priv\u00e9e en consultant notre politique de confidentialit\u00e9. D\u00e9couvrez comment on collecte, utilise et prot\u00e8ge vos donn\u00e9es.","breadcrumb":{"@id":"https:\/\/solicity.org\/index.php\/politique-de-confidentialite\/#breadcrumb"},"inLanguage":"fr-FR","potentialAction":[{"@type":"ReadAction","target":["https:\/\/solicity.org\/index.php\/politique-de-confidentialite\/"]}]},{"@type":"BreadcrumbList","@id":"https:\/\/solicity.org\/index.php\/politique-de-confidentialite\/#breadcrumb","itemListElement":[{"@type":"ListItem","position":1,"name":"Accueil","item":"https:\/\/solicity.org\/"},{"@type":"ListItem","position":2,"name":"politique de confidentialit\u00e9"}]},{"@type":"WebSite","@id":"https:\/\/solicity.org\/#website","url":"https:\/\/solicity.org\/","name":"Solicity","description":"La r\u00e9gie pour tous","publisher":{"@id":"https:\/\/solicity.org\/#organization"},"potentialAction":[{"@type":"SearchAction","target":{"@type":"EntryPoint","urlTemplate":"https:\/\/solicity.org\/?s={search_term_string}"},"query-input":{"@type":"PropertyValueSpecification","valueRequired":true,"valueName":"search_term_string"}}],"inLanguage":"fr-FR"},{"@type":"Organization","@id":"https:\/\/solicity.org\/#organization","name":"Solicity","url":"https:\/\/solicity.org\/","logo":{"@type":"ImageObject","inLanguage":"fr-FR","@id":"https:\/\/solicity.org\/#\/schema\/logo\/image\/","url":"https:\/\/solicity.org\/wp-content\/uploads\/2024\/02\/logo_SOLICITY_couleur-transparent.png","contentUrl":"https:\/\/solicity.org\/wp-content\/uploads\/2024\/02\/logo_SOLICITY_couleur-transparent.png","width":526,"height":505,"caption":"Solicity"},"image":{"@id":"https:\/\/solicity.org\/#\/schema\/logo\/image\/"},"sameAs":["https:\/\/www.facebook.com\/solicity.opensmart","https:\/\/www.instagram.com\/open.smart\/"]}]}},"_links":{"self":[{"href":"https:\/\/solicity.org\/index.php\/wp-json\/wp\/v2\/pages\/618","targetHints":{"allow":["GET"]}}],"collection":[{"href":"https:\/\/solicity.org\/index.php\/wp-json\/wp\/v2\/pages"}],"about":[{"href":"https:\/\/solicity.org\/index.php\/wp-json\/wp\/v2\/types\/page"}],"author":[{"embeddable":true,"href":"https:\/\/solicity.org\/index.php\/wp-json\/wp\/v2\/users\/1"}],"replies":[{"embeddable":true,"href":"https:\/\/solicity.org\/index.php\/wp-json\/wp\/v2\/comments?post=618"}],"version-history":[{"count":22,"href":"https:\/\/solicity.org\/index.php\/wp-json\/wp\/v2\/pages\/618\/revisions"}],"predecessor-version":[{"id":1486,"href":"https:\/\/solicity.org\/index.php\/wp-json\/wp\/v2\/pages\/618\/revisions\/1486"}],"wp:attachment":[{"href":"https:\/\/solicity.org\/index.php\/wp-json\/wp\/v2\/media?parent=618"}],"curies":[{"name":"wp","href":"https:\/\/api.w.org\/{rel}","templated":true}]}}